{"id":331,"date":"2022-05-25T15:40:47","date_gmt":"2022-05-25T13:40:47","guid":{"rendered":"http:\/\/catherinemestoussis.com\/?page_id=331"},"modified":"2022-05-25T16:54:59","modified_gmt":"2022-05-25T14:54:59","slug":"presse","status":"publish","type":"page","link":"https:\/\/catherinemestoussis.com\/index.php\/presse\/","title":{"rendered":"PRESSE"},"content":{"rendered":"<p>[et_pb_section fb_built=&#8221;1&#8243; _builder_version=&#8221;3.22&#8243;][et_pb_row _builder_version=&#8221;3.25&#8243; custom_padding=&#8221;0px||18px|||&#8221;][et_pb_column type=&#8221;4_4&#8243; _builder_version=&#8221;3.25&#8243; custom_padding=&#8221;|||&#8221; custom_padding__hover=&#8221;|||&#8221;][et_pb_text _builder_version=&#8221;3.26.6&#8243; custom_padding=&#8221;5px|||0px||&#8221;]<\/p>\n<h2><span style=\"color: #000000;\"><strong><span style=\"color: #02ad00;\">Presse<\/span>\u00a0Cendrillon\/<\/strong><\/span><\/h2>\n<h2><span style=\"color: #000000;\">Pommerat mai 2022<\/span><\/h2>\n<p><em>&#8212;&#8212;&#8212;&#8212;&#8211;<\/em><\/p>\n<p>[\/et_pb_text][\/et_pb_column][\/et_pb_row][et_pb_row column_structure=&#8221;1_2,1_2&#8243; _builder_version=&#8221;3.25&#8243; min_height=&#8221;243px&#8221; custom_padding=&#8221;||0px|||&#8221;][et_pb_column type=&#8221;1_2&#8243; _builder_version=&#8221;3.25&#8243; custom_padding=&#8221;|||&#8221; custom_padding__hover=&#8221;|||&#8221;][et_pb_text _builder_version=&#8221;3.26.6&#8243; custom_padding=&#8221;5px|||0px||&#8221;]<\/p>\n<p><b style=\"font-size: 14px; color: #666666; font-family: 'Open Sans', Arial, sans-serif;\"><span style=\"color: #02ad00;\">FRANCE INTER\u00a0<\/span><\/b><span style=\"color: #02ad00;\"><span style=\"color: #606060;\">Le Masque et la Plume<br \/> Paroles de<b> Armelle H\u00e9liot<br \/> <\/b><em>Les com\u00e9diens &#8211; \u00e0 la <strong>29:20<\/strong> minute<\/em><br \/> <\/span><\/span><\/p>\n<p><span style=\"color: #02ad00;\"><span style=\"color: #606060;\"><em>\u2192 <\/em><\/span><a href=\"https:\/\/www.franceinter.fr\/embed\/player\/aod\/1bda5c2e-93b9-47e6-8169-bac6ac7acd3c\" target=\"_blank\" rel=\"noopener noreferrer\"><span style=\"text-decoration: underline;\"><em><strong>Ecouter<\/strong><\/em><\/span><\/a><\/span><\/p>\n<p><em>&#8212;&#8212;&#8212;&#8212;&#8211;<\/em><\/p>\n<p>[\/et_pb_text][\/et_pb_column][et_pb_column type=&#8221;1_2&#8243; _builder_version=&#8221;3.25&#8243; custom_padding=&#8221;|||&#8221; custom_padding__hover=&#8221;|||&#8221;][et_pb_text _builder_version=&#8221;3.26.6&#8243; custom_padding=&#8221;5px|||0px||&#8221;]<\/p>\n<p><b style=\"font-size: 14px; color: #666666; font-family: 'Open Sans', Arial, sans-serif;\"><span style=\"color: #02ad00;\">FRANCE INTER<br \/> <\/span><\/b><span style=\"color: #02ad00;\"><span style=\"color: #606060;\">Interview de<b> Joel Pommerat <\/b>et<b> Jean Robert &#8211; Charrier<\/b><b><br \/> <\/b><em>Les com\u00e9diens &#8211; C. Mestoussis &#8211; \u00e0 la <strong>24:21<\/strong> minute<\/em><br \/> <\/span><\/span><\/p>\n<p><span style=\"color: #02ad00;\"><span style=\"color: #606060;\"><em>\u2192 <\/em><\/span><a href=\"https:\/\/www.franceinter.fr\/embed\/player\/aod\/ec0d1587-5a11-4b20-981b-21195afcfe14\" target=\"_blank\" rel=\"noopener noreferrer\"><span style=\"text-decoration: underline;\"><em><strong>Ecouter<\/strong><\/em><\/span><\/a><\/span><\/p>\n<p><em>&#8212;&#8212;&#8212;&#8212;&#8211;<\/em><\/p>\n<p>&nbsp;<\/p>\n<p>[\/et_pb_text][\/et_pb_column][\/et_pb_row][et_pb_row column_structure=&#8221;1_2,1_2&#8243; _builder_version=&#8221;3.25&#8243; custom_padding=&#8221;0px|||||&#8221;][et_pb_column type=&#8221;1_2&#8243; _builder_version=&#8221;3.25&#8243; custom_padding=&#8221;|||&#8221; custom_padding__hover=&#8221;|||&#8221;][et_pb_text _builder_version=&#8221;3.26.6&#8243; custom_padding=&#8221;5px|||0px||&#8221; min_height=&#8221;61px&#8221;]<\/p>\n<p><span style=\"font-size: 14px; color: #666666; font-family: 'Open Sans', Arial, sans-serif; font-weight: 500;\">Critique de <\/span><b style=\"font-size: 14px; color: #666666; font-family: 'Open Sans', Arial, sans-serif;\">Fabienne Darge <\/b>dans <span style=\"font-family: inherit; font-weight: normal;\"><span style=\"color: #02ad00;\"><strong>LE MONDE<\/strong><\/span><\/span><\/p>\n<p><em>&#8212;&#8212;&#8212;&#8212;&#8211;<\/em><span style=\"font-size: 14px;\">\u00a0<\/span><\/p>\n<p>[\/et_pb_text][et_pb_image src=&#8221;http:\/\/catherinemestoussis.com\/wp-content\/uploads\/2022\/05\/CENDRILLON_le_monde_journal-extrait.jpg&#8221; _builder_version=&#8221;3.26.6&#8243;][\/et_pb_image][\/et_pb_column][et_pb_column type=&#8221;1_2&#8243; _builder_version=&#8221;3.25&#8243; custom_padding=&#8221;|||&#8221; custom_padding__hover=&#8221;|||&#8221;][et_pb_image src=&#8221;http:\/\/catherinemestoussis.com\/wp-content\/uploads\/2022\/05\/CENDRILLON_le_monde_journal.jpg&#8221; _builder_version=&#8221;3.26.6&#8243;][\/et_pb_image][\/et_pb_column][\/et_pb_row][et_pb_row column_structure=&#8221;1_2,1_2&#8243; _builder_version=&#8221;3.25&#8243;][et_pb_column type=&#8221;1_2&#8243; _builder_version=&#8221;3.25&#8243; custom_padding=&#8221;|||&#8221; custom_padding__hover=&#8221;|||&#8221;][et_pb_text _builder_version=&#8221;3.26.6&#8243; custom_padding=&#8221;5px|||0px||&#8221;]<\/p>\n<p><span style=\"font-family: inherit; font-weight: normal;\">Critique de <\/span><b style=\"font-size: 14px; color: #666666; font-family: 'Open Sans', Arial, sans-serif;\">Fabienne Pascaud dans\u00a0 <span style=\"color: #02ad00;\">T\u00c9L\u00c9RAMA<\/span><\/b><\/p>\n<p><em>&#8212;&#8212;&#8212;&#8212;&#8211;<\/em><\/p>\n<p>&nbsp;<\/p>\n<p>&nbsp;<\/p>\n<p>[\/et_pb_text][\/et_pb_column][et_pb_column type=&#8221;1_2&#8243; _builder_version=&#8221;3.25&#8243; custom_padding=&#8221;|||&#8221; custom_padding__hover=&#8221;|||&#8221;][et_pb_image src=&#8221;http:\/\/catherinemestoussis.com\/wp-content\/uploads\/2022\/05\/CENDRILLON_telerama.jpg&#8221; _builder_version=&#8221;3.26.6&#8243;][\/et_pb_image][\/et_pb_column][\/et_pb_row][\/et_pb_section]<\/p>\n","protected":false},"excerpt":{"rendered":"<p>Presse\u00a0Cendrillon\/ Pommerat mai 2022 &#8212;&#8212;&#8212;&#8212;&#8211;FRANCE INTER\u00a0Le Masque et la Plume Paroles de Armelle H\u00e9liot Les com\u00e9diens &#8211; \u00e0 la 29:20 minute \u2192 Ecouter &#8212;&#8212;&#8212;&#8212;&#8211;FRANCE INTER Interview de Joel Pommerat et Jean Robert &#8211; Charrier Les com\u00e9diens &#8211; C. Mestoussis &#8211; \u00e0 la 24:21 minute \u2192 Ecouter &#8212;&#8212;&#8212;&#8212;&#8211; &nbsp;Critique de Fabienne Darge dans LE MONDE &#8212;&#8212;&#8212;&#8212;&#8211;\u00a0Critique [&hellip;]<\/p>\n","protected":false},"author":2,"featured_media":0,"parent":0,"menu_order":0,"comment_status":"closed","ping_status":"closed","template":"","meta":{"_et_pb_use_builder":"on","_et_pb_old_content":"","_et_gb_content_width":"","footnotes":""},"class_list":["post-331","page","type-page","status-publish","hentry"],"_links":{"self":[{"href":"https:\/\/catherinemestoussis.com\/index.php\/wp-json\/wp\/v2\/pages\/331","targetHints":{"allow":["GET"]}}],"collection":[{"href":"https:\/\/catherinemestoussis.com\/index.php\/wp-json\/wp\/v2\/pages"}],"about":[{"href":"https:\/\/catherinemestoussis.com\/index.php\/wp-json\/wp\/v2\/types\/page"}],"author":[{"embeddable":true,"href":"https:\/\/catherinemestoussis.com\/index.php\/wp-json\/wp\/v2\/users\/2"}],"replies":[{"embeddable":true,"href":"https:\/\/catherinemestoussis.com\/index.php\/wp-json\/wp\/v2\/comments?post=331"}],"version-history":[{"count":14,"href":"https:\/\/catherinemestoussis.com\/index.php\/wp-json\/wp\/v2\/pages\/331\/revisions"}],"predecessor-version":[{"id":377,"href":"https:\/\/catherinemestoussis.com\/index.php\/wp-json\/wp\/v2\/pages\/331\/revisions\/377"}],"wp:attachment":[{"href":"https:\/\/catherinemestoussis.com\/index.php\/wp-json\/wp\/v2\/media?parent=331"}],"curies":[{"name":"wp","href":"https:\/\/api.w.org\/{rel}","templated":true}]}}